{"id":3087,"date":"2018-01-12T19:57:45","date_gmt":"2018-01-12T19:57:45","guid":{"rendered":"https:\/\/www.pastaromana.com\/?page_id=3087"},"modified":"2019-04-16T14:08:04","modified_gmt":"2019-04-16T14:08:04","slug":"marque-privee","status":"publish","type":"page","link":"https:\/\/www.pastaromana.com\/fr\/marque-privee\/","title":{"rendered":"Marque Priv\u00e9e"},"content":{"rendered":"[mk_page_section vertical_align=\u00a0\u00bbtop\u00a0\u00bb bg_image=\u00a0\u00bbhttps:\/\/www.pastaromana.com\/wp-content\/uploads\/2017\/12\/rsz_new-banner.jpg\u00a0\u00bb bg_position=\u00a0\u00bbcenter top\u00a0\u00bb bg_repeat=\u00a0\u00bbno-repeat\u00a0\u00bb bg_stretch=\u00a0\u00bbtrue\u00a0\u00bb min_height=\u00a0\u00bb300&Prime; full_width=\u00a0\u00bbtrue\u00a0\u00bb padding_top=\u00a0\u00bb0&Prime; padding_bottom=\u00a0\u00bb0&Prime; sidebar=\u00a0\u00bbsidebar-1&Prime;][vc_column][\/vc_column][\/mk_page_section][vc_row css=\u00a0\u00bb.vc_custom_1514474677831{margin-top: 30px !important;}\u00a0\u00bb][vc_column][vc_custom_heading text=\u00a0\u00bbPasta Romana poss\u00e8de tous les ingr\u00e9dients secrets afin de vous assister \u00e0 d\u00e9velopper votre propre Marque Priv\u00e9e.\u00a0\u00bb font_container=\u00a0\u00bbtag:h1|font_size:42|text_align:center|color:%23000000&Prime; use_theme_fonts=\u00a0\u00bbyes\u00a0\u00bb css=\u00a0\u00bb.vc_custom_1523035008333{padding-top: 10px !important;padding-bottom: 10px !important;}\u00a0\u00bb][mk_image src=\u00a0\u00bbhttps:\/\/www.pastaromana.com\/wp-content\/uploads\/2019\/02\/cameo_romana-01.png\u00a0\u00bb image_width=\u00a0\u00bb200&Prime; image_height=\u00a0\u00bb200&Prime; align=\u00a0\u00bbcenter\u00a0\u00bb][mk_divider style=\u00a0\u00bbpadding_space\u00a0\u00bb margin_top=\u00a0\u00bb10&Prime; margin_bottom=\u00a0\u00bb10&Prime;][mk_custom_list]\n<ul>\n<li><b>Des recettes cr\u00e9\u00e9es selon vos particularit\u00e9s: <\/b>Il est dans notre ADN de r\u00e9pondre aux particularit\u00e9s de nos clients et de surpasser leurs besoins.<\/li>\n<\/ul>\n<p>&nbsp;<\/p>\n<ul>\n<li><b>Une expertise av\u00e9r\u00e9e dans le d\u00e9veloppement de produits: <\/b>Un coup d\u2019\u0153il \u00e0 notre gamme unique de produits vous convaincra que l\u2019innovation est dans notre mot d\u2019ordre, vous offrant ainsi la garantie d\u2019une offre distinctive.<\/li>\n<\/ul>\n<p>&nbsp;<\/p>\n<ul>\n<li><b>Comprendre le commerce de d\u00e9tail:\u00a0<\/b>En tant que manufacturier \u00e9tabli, nous saisissons parfaitement l\u2019environnement de vente au d\u00e9tail, nous comprenons les consommateurs et nous distribuons les marchandises.<\/li>\n<\/ul>\n<p>&nbsp;<\/p>\n<ul>\n<li><b>Au-dessus des tendances du march\u00e9:\u00a0<\/b>De la campagne italienne aux rayons des supermarch\u00e9s, nos membres de l&rsquo;\u00e9quipe R&amp;D suivent non seulement les tendances du march\u00e9, ils participent \u00e0 les d\u00e9finir!<\/li>\n<\/ul>\n<p>&nbsp;<\/p>\n<ul>\n<li><b>\u00c9quipement de pointe:\u00a0<\/b>L\u2019une des raisons pour lesquelles nous sommes si convoit\u00e9s en tant que fournisseur tient \u00e0 notre capacit\u00e9 de production, tant en termes de ressources humaines que de technologie. Cela signifie que nous distribuons toujours le bon produit au bon moment.<\/li>\n<\/ul>\n<p>&nbsp;<\/p>\n<ul>\n<li><b>Apposer le \u00ab service \u00bb dans le service \u00e0 la client\u00e8le:\u00a0<\/b>Nos recettes ne sont pas les seules dispositions traditionnelles \u00e0 propos de nous. Notre service \u00e0 la client\u00e8le est bas\u00e9 sur des valeurs famili\u00e8res telles que le souci, l\u2019accessibilit\u00e9 et le pr\u00eat d\u2019attention \u00e0 nos clients.<\/li>\n<\/ul>\n[\/mk_custom_list][mk_divider style=\u00a0\u00bbpadding_space\u00a0\u00bb][\/vc_column][\/vc_row][vc_row fullwidth=\u00a0\u00bbtrue\u00a0\u00bb fullwidth_content=\u00a0\u00bbfalse\u00a0\u00bb equal_columns=\u00a0\u00bbtrue\u00a0\u00bb css=\u00a0\u00bb.vc_custom_1551454210862{padding-top: 30px !important;padding-bottom: 20px !important;background-color: #c33228 !important;}\u00a0\u00bb][vc_column width=\u00a0\u00bb2\/3&Prime; css=\u00a0\u00bb.vc_custom_1513970736142{padding-top: 15px !important;}\u00a0\u00bb][vc_custom_heading text=\u00a0\u00bbVoulez-vous placez nos produits sur vos \u00e9tag\u00e8res?\u00a0\u00bb font_container=\u00a0\u00bbtag:h2|text_align:center|color:%23ffffff\u00a0\u00bb use_theme_fonts=\u00a0\u00bbyes\u00a0\u00bb][\/vc_column][vc_column width=\u00a0\u00bb1\/3&Prime;][mk_button dimension=\u00a0\u00bbdouble-outline\u00a0\u00bb size=\u00a0\u00bblarge\u00a0\u00bb icon=\u00a0\u00bbmk-moon-phone-3&Prime; url=\u00a0\u00bbhttps:\/\/www.pastaromana.com\/fr\/contact\/\u00a0\u00bb align=\u00a0\u00bbcenter\u00a0\u00bb el_class=\u00a0\u00bbmainbutton\u00a0\u00bb outline_skin=\u00a0\u00bbcustom\u00a0\u00bb outline_active_color=\u00a0\u00bb#ffffff\u00a0\u00bb outline_active_text_color=\u00a0\u00bb#000000&Prime; outline_hover_bg_color=\u00a0\u00bb#a40000&Prime; outline_hover_color=\u00a0\u00bb#ffffff\u00a0\u00bb]Contactez-Nous[\/mk_button][\/vc_column][\/vc_row]\n","protected":false},"excerpt":{"rendered":"<p>[mk_page_section vertical_align=\u00a0\u00bbtop\u00a0\u00bb bg_image=\u00a0\u00bbhttps:\/\/www.pastaromana.com\/wp-content\/uploads\/2017\/12\/rsz_new-banner.jpg\u00a0\u00bb bg_position=\u00a0\u00bbcenter top\u00a0\u00bb bg_repeat=\u00a0\u00bbno-repeat\u00a0\u00bb bg_stretch=\u00a0\u00bbtrue\u00a0\u00bb min_height=\u00a0\u00bb300&Prime; full_width=\u00a0\u00bbtrue\u00a0\u00bb padding_top=\u00a0\u00bb0&Prime; padding_bottom=\u00a0\u00bb0&Prime; sidebar=\u00a0\u00bbsidebar-1&Prime;][vc_column][\/vc_column][\/mk_page_section][vc_row css=\u00a0\u00bb.vc_custom_1514474677831{margin-top: 30px !important;}\u00a0\u00bb][vc_column][vc_custom_heading text=\u00a0\u00bbPasta Romana poss\u00e8de tous les ingr\u00e9dients secrets afin de vous assister \u00e0 d\u00e9velopper votre propre Marque Priv\u00e9e.\u00a0\u00bb font_container=\u00a0\u00bbtag:h1|font_size:42|text_align:center|color:%23000000&Prime; use_theme_fonts=\u00a0\u00bbyes\u00a0\u00bb css=\u00a0\u00bb.vc_custom_1523035008333{padding-top: 10px !important;padding-bottom: 10px !important;}\u00a0\u00bb][mk_image src=\u00a0\u00bbhttps:\/\/www.pastaromana.com\/wp-content\/uploads\/2019\/02\/cameo_romana-01.png\u00a0\u00bb image_width=\u00a0\u00bb200&Prime; image_height=\u00a0\u00bb200&Prime; align=\u00a0\u00bbcenter\u00a0\u00bb][mk_divider style=\u00a0\u00bbpadding_space\u00a0\u00bb margin_top=\u00a0\u00bb10&Prime; margin_bottom=\u00a0\u00bb10&Prime;][mk_custom_list] Des recettes cr\u00e9\u00e9es selon vos particularit\u00e9s: Il est dans [&hellip;]<\/p>\n","protected":false},"author":2,"featured_media":0,"parent":0,"menu_order":0,"comment_status":"closed","ping_status":"closed","template":"","meta":{"footnotes":""},"class_list":["post-3087","page","type-page","status-publish","hentry"],"_links":{"self":[{"href":"https:\/\/www.pastaromana.com\/fr\/wp-json\/wp\/v2\/pages\/3087\/"}],"collection":[{"href":"https:\/\/www.pastaromana.com\/fr\/wp-json\/wp\/v2\/pages\/"}],"about":[{"href":"https:\/\/www.pastaromana.com\/fr\/wp-json\/wp\/v2\/types\/page\/"}],"author":[{"embeddable":true,"href":"https:\/\/www.pastaromana.com\/fr\/wp-json\/wp\/v2\/users\/2\/"}],"replies":[{"embeddable":true,"href":"https:\/\/www.pastaromana.com\/fr\/wp-json\/wp\/v2\/comments\/?post=3087"}],"version-history":[{"count":17,"href":"https:\/\/www.pastaromana.com\/fr\/wp-json\/wp\/v2\/pages\/3087\/revisions\/"}],"predecessor-version":[{"id":3500,"href":"https:\/\/www.pastaromana.com\/fr\/wp-json\/wp\/v2\/pages\/3087\/revisions\/3500\/"}],"wp:attachment":[{"href":"https:\/\/www.pastaromana.com\/fr\/wp-json\/wp\/v2\/media\/?parent=3087"}],"curies":[{"name":"wp","href":"https:\/\/api.w.org\/{rel}","templated":true}]}}