{"id":3083,"date":"2017-12-20T16:48:39","date_gmt":"2017-12-20T16:48:39","guid":{"rendered":"https:\/\/www.pastaromana.com\/?page_id=3083"},"modified":"2019-11-12T15:38:53","modified_gmt":"2019-11-12T15:38:53","slug":"nos-pates","status":"publish","type":"page","link":"https:\/\/www.pastaromana.com\/fr\/nos-pates\/","title":{"rendered":"Nos P\u00e2tes"},"content":{"rendered":"[mk_page_section vertical_align=\u00a0\u00bbtop\u00a0\u00bb bg_image=\u00a0\u00bbhttps:\/\/www.pastaromana.com\/wp-content\/uploads\/2017\/12\/rsz_new-banner.jpg\u00a0\u00bb bg_position=\u00a0\u00bbcenter top\u00a0\u00bb bg_repeat=\u00a0\u00bbno-repeat\u00a0\u00bb bg_stretch=\u00a0\u00bbtrue\u00a0\u00bb video_opacity=\u00a0\u00bb0&Prime; min_height=\u00a0\u00bb300&Prime; full_width=\u00a0\u00bbtrue\u00a0\u00bb padding_top=\u00a0\u00bb0&Prime; padding_bottom=\u00a0\u00bb0&Prime; sidebar=\u00a0\u00bbsidebar-1&Prime;][vc_column][\/vc_column][\/mk_page_section][vc_row][vc_column][vc_custom_heading text=\u00a0\u00bbNos P\u00e2tes Farcies\u00a0\u00bb font_container=\u00a0\u00bbtag:h1|font_size:42|text_align:center|color:%230a0a0a\u00a0\u00bb use_theme_fonts=\u00a0\u00bbyes\u00a0\u00bb css_animation=\u00a0\u00bbnone\u00a0\u00bb css=\u00a0\u00bb.vc_custom_1516988933054{padding-top: 150px !important;}\u00a0\u00bb][\/vc_column][\/vc_row][vc_row css=\u00a0\u00bb.vc_custom_1513713689372{margin-top: 100px !important;margin-bottom: 50px !important;}\u00a0\u00bb][vc_column width=\u00a0\u00bb1\/3&Prime;][vc_single_image image=\u00a0\u00bb3554&Prime; img_size=\u00a0\u00bbfull\u00a0\u00bb alignment=\u00a0\u00bbcenter\u00a0\u00bb][vc_column_text css=\u00a0\u00bb.vc_custom_1555440370361{margin-bottom: 0px !important;}\u00a0\u00bb]\n<h3 style=\"color: #c33228; text-align: center; font-size: 22px;\">Manicotti &#8211; Ricotta &amp; \u00c9pinards<\/h3>\n<p style=\"color: #c33228; text-align: center;\">Frais<\/p>\n[\/vc_column_text][vc_separator][\/vc_column][vc_column width=\u00a0\u00bb1\/3&Prime;][vc_single_image image=\u00a0\u00bb3556&Prime; img_size=\u00a0\u00bbfull\u00a0\u00bb alignment=\u00a0\u00bbcenter\u00a0\u00bb][vc_column_text css=\u00a0\u00bb.vc_custom_1555438283893{margin-bottom: 0px !important;}\u00a0\u00bb]\n<h3 style=\"color: #c33228; text-align: center;\">Tortellini &#8211; Boeuf<\/h3>\n<p style=\"color: #c33228; text-align: center;\">Frais<\/p>\n[\/vc_column_text][vc_separator][\/vc_column][vc_column width=\u00a0\u00bb1\/3&Prime;][vc_single_image image=\u00a0\u00bb3558&Prime; img_size=\u00a0\u00bbfull\u00a0\u00bb alignment=\u00a0\u00bbcenter\u00a0\u00bb][vc_column_text css=\u00a0\u00bb.vc_custom_1555438302486{margin-bottom: 0px !important;}\u00a0\u00bb]\n<h3 style=\"color: #c33228; text-align: center;\">Cannelloni &#8211; Boeuf &amp; Veau<\/h3>\n<p style=\"color: #c33228; text-align: center;\">Frais<\/p>\n[\/vc_column_text][vc_separator][\/vc_column][\/vc_row][vc_row equal_columns=\u00a0\u00bbtrue\u00a0\u00bb css=\u00a0\u00bb.vc_custom_1555429532913{margin-top: 100px !important;margin-bottom: 50px !important;}\u00a0\u00bb][vc_column width=\u00a0\u00bb1\/3&Prime;][vc_single_image image=\u00a0\u00bb3502&Prime; img_size=\u00a0\u00bb300&#215;300&Prime; alignment=\u00a0\u00bbcenter\u00a0\u00bb][vc_column_text css=\u00a0\u00bb.vc_custom_1555436976606{margin-bottom: 0px !important;}\u00a0\u00bb]\n<h3 style=\"color: #c33228; text-align: center;\">Ravioli*<\/h3>\n<p style=\"color: #c33228; text-align: center;\">Frais | Congel\u00e9 | Pr\u00e9cuit &amp; Congel\u00e9<\/p>\n[\/vc_column_text][vc_separator][vc_column_text css=\u00a0\u00bb.vc_custom_1555437018679{margin-bottom: 0px !important;}\u00a0\u00bb]\n<ul>\n<li>Fromage et \u00c9pinards<\/li>\n<li>Bolognaise au Boeuf<\/li>\n<\/ul>\n[\/vc_column_text][\/vc_column][vc_column width=\u00a0\u00bb1\/3&Prime;][vc_single_image image=\u00a0\u00bb3516&Prime; img_size=\u00a0\u00bb300&#215;300&Prime; alignment=\u00a0\u00bbcenter\u00a0\u00bb][vc_column_text css=\u00a0\u00bb.vc_custom_1555437078722{margin-bottom: 0px !important;}\u00a0\u00bb]\n<h3 style=\"color: #c33228; text-align: center;\">Ravioletti*<\/h3>\n<p style=\"color: #c33228; text-align: center;\">Frais | Congel\u00e9 | Pr\u00e9cuit &amp; Congel\u00e9<\/p>\n[\/vc_column_text][vc_separator][vc_column_text css=\u00a0\u00bb.vc_custom_1555437106313{margin-bottom: 0px !important;}\u00a0\u00bb]\n<ul>\n<li>4 Fromages<\/li>\n<li>Boeuf<\/li>\n<\/ul>\n[\/vc_column_text][\/vc_column][vc_column width=\u00a0\u00bb1\/3&Prime;][vc_single_image image=\u00a0\u00bb3260&Prime; img_size=\u00a0\u00bb300&#215;300&Prime; alignment=\u00a0\u00bbcenter\u00a0\u00bb][vc_column_text css=\u00a0\u00bb.vc_custom_1555437131211{margin-bottom: 0px !important;}\u00a0\u00bb]\n<h3 style=\"color: #c33228; text-align: center;\">Tortellini*<\/h3>\n<p style=\"color: #c33228; text-align: center;\">Frais | Congel\u00e9 | Pr\u00e9cuit &amp; Congel\u00e9<\/p>\n[\/vc_column_text][vc_separator][vc_column_text css=\u00a0\u00bb.vc_custom_1555437769936{margin-bottom: 0px !important;}\u00a0\u00bb]\n<ul>\n<li>Fromage (s)<\/li>\n<li>Poulet et Herbes<\/li>\n<\/ul>\n[\/vc_column_text][\/vc_column][\/vc_row][vc_row css=\u00a0\u00bb.vc_custom_1513713689372{margin-top: 100px !important;margin-bottom: 50px !important;}\u00a0\u00bb][vc_column width=\u00a0\u00bb1\/3&Prime;][vc_single_image image=\u00a0\u00bb3526&Prime; img_size=\u00a0\u00bb300&#215;300&Prime; alignment=\u00a0\u00bbcenter\u00a0\u00bb][vc_column_text css=\u00a0\u00bb.vc_custom_1555437729365{margin-bottom: 0px !important;}\u00a0\u00bb]\n<h3 style=\"color: #c33228; text-align: center;\">Tortellini Multicolore*<\/h3>\n<p style=\"color: #c33228; text-align: center;\">Frais | Congel\u00e9 | Pr\u00e9cuit &amp; Congel\u00e9<\/p>\n[\/vc_column_text][vc_separator][vc_column_text css=\u00a0\u00bb.vc_custom_1555437788175{margin-bottom: 0px !important;}\u00a0\u00bb]\n<ul>\n<li>Fromage (s)<\/li>\n<li>Boeuf<\/li>\n<\/ul>\n[\/vc_column_text][\/vc_column][vc_column width=\u00a0\u00bb1\/3&Prime;][vc_single_image image=\u00a0\u00bb3518&Prime; img_size=\u00a0\u00bbfull\u00a0\u00bb alignment=\u00a0\u00bbcenter\u00a0\u00bb css=\u00a0\u00bb.vc_custom_1555430765252{padding-bottom: 69px !important;}\u00a0\u00bb][vc_column_text css=\u00a0\u00bb.vc_custom_1555437823117{margin-bottom: 0px !important;}\u00a0\u00bb]\n<h3 style=\"color: #c33228; text-align: center;\">Manicotti<\/h3>\n<p style=\"color: #c33228; text-align: center;\">Frais | Congel\u00e9<\/p>\n[\/vc_column_text][vc_separator][vc_column_text css=\u00a0\u00bb.vc_custom_1555437848421{margin-bottom: 0px !important;}\u00a0\u00bb]\n<ul>\n<li>Ricotta et \u00c9pinards<\/li>\n<\/ul>\n[\/vc_column_text][\/vc_column][vc_column width=\u00a0\u00bb1\/3&Prime;][vc_single_image image=\u00a0\u00bb3220&Prime; img_size=\u00a0\u00bbfull\u00a0\u00bb alignment=\u00a0\u00bbcenter\u00a0\u00bb][vc_column_text css=\u00a0\u00bb.vc_custom_1555437987254{margin-bottom: 0px !important;}\u00a0\u00bb]\n<h3 style=\"color: #c33228; text-align: center;\">Perline*<\/h3>\n<p style=\"color: #c33228; text-align: center;\">Frais<\/p>\n[\/vc_column_text][vc_separator][vc_column_text css=\u00a0\u00bb.vc_custom_1555437932429{margin-bottom: 0px !important;}\u00a0\u00bb]\n<ul>\n<li>Figues &amp; Prosciutto<\/li>\n<\/ul>\n[\/vc_column_text][\/vc_column][vc_column][vc_column_text css=\u00a0\u00bb.vc_custom_1555438221688{margin-bottom: 0px !important;padding-top: 80px !important;}\u00a0\u00bb]\n<h4 style=\"color: #c33228;\">*\u00a0 Aussi disponible avec diff\u00e9rentes farces<\/h4>\n[\/vc_column_text][\/vc_column][\/vc_row][vc_row][vc_column][vc_custom_heading text=\u00a0\u00bbNos P\u00e2tes \u00e0 Coupe Simple\u00a0\u00bb font_container=\u00a0\u00bbtag:h1|font_size:42|text_align:center|color:%230a0a0a\u00a0\u00bb use_theme_fonts=\u00a0\u00bbyes\u00a0\u00bb css_animation=\u00a0\u00bbnone\u00a0\u00bb css=\u00a0\u00bb.vc_custom_1523291931599{padding-top: 150px !important;}\u00a0\u00bb][\/vc_column][\/vc_row][vc_row equal_columns=\u00a0\u00bbtrue\u00a0\u00bb css=\u00a0\u00bb.vc_custom_1555429607387{margin-top: 100px !important;margin-bottom: 50px !important;}\u00a0\u00bb][vc_column width=\u00a0\u00bb1\/3&Prime;][vc_single_image image=\u00a0\u00bb3510&Prime; img_size=\u00a0\u00bb300&#215;300&Prime; alignment=\u00a0\u00bbcenter\u00a0\u00bb][vc_column_text css=\u00a0\u00bb.vc_custom_1555438024255{margin-bottom: 0px !important;}\u00a0\u00bb]\n<h3 style=\"color: #c33228; text-align: center;\">Penne<\/h3>\n<p style=\"color: #c33228; text-align: center;\">Frais | Congel\u00e9 | Pr\u00e9cuit &amp; Congel\u00e9<\/p>\n[\/vc_column_text][vc_separator][\/vc_column][vc_column width=\u00a0\u00bb1\/3&Prime;][vc_single_image image=\u00a0\u00bb3265&Prime; img_size=\u00a0\u00bbfull\u00a0\u00bb alignment=\u00a0\u00bbcenter\u00a0\u00bb css=\u00a0\u00bb.vc_custom_1555430003801{padding-bottom: 112px !important;}\u00a0\u00bb][vc_column_text css=\u00a0\u00bb.vc_custom_1555438044485{margin-bottom: 0px !important;}\u00a0\u00bb]\n<h3 style=\"color: #c33228; text-align: center;\">Vermicelli<\/h3>\n<p style=\"color: #c33228; text-align: center;\">Frais<\/p>\n[\/vc_column_text][vc_separator][\/vc_column][vc_column width=\u00a0\u00bb1\/3&Prime;][vc_single_image image=\u00a0\u00bb3267&Prime; img_size=\u00a0\u00bbfull\u00a0\u00bb alignment=\u00a0\u00bbcenter\u00a0\u00bb css=\u00a0\u00bb.vc_custom_1555430035949{padding-bottom: 101px !important;}\u00a0\u00bb][vc_column_text css=\u00a0\u00bb.vc_custom_1555438060181{margin-bottom: 0px !important;}\u00a0\u00bb]\n<h3 style=\"color: #c33228; text-align: center;\">Tubetti<\/h3>\n<p style=\"color: #c33228; text-align: center;\">Frais | Congel\u00e9 | Pr\u00e9cuit &amp; Congel\u00e9<\/p>\n[\/vc_column_text][vc_separator][\/vc_column][\/vc_row][vc_row css=\u00a0\u00bb.vc_custom_1513713689372{margin-top: 100px !important;margin-bottom: 50px !important;}\u00a0\u00bb][vc_column width=\u00a0\u00bb1\/3&Prime;][vc_single_image image=\u00a0\u00bb3269&Prime; img_size=\u00a0\u00bbfull\u00a0\u00bb alignment=\u00a0\u00bbcenter\u00a0\u00bb][vc_column_text css=\u00a0\u00bb.vc_custom_1555438077295{margin-bottom: 0px !important;}\u00a0\u00bb]\n<h3 style=\"color: #c33228; text-align: center;\">Gigli<\/h3>\n<p style=\"color: #c33228; text-align: center;\">Frais<\/p>\n[\/vc_column_text][vc_separator][\/vc_column][vc_column width=\u00a0\u00bb1\/3&Prime;][\/vc_column][vc_column width=\u00a0\u00bb1\/3&Prime;][\/vc_column][\/vc_row][vc_row fullwidth=\u00a0\u00bbtrue\u00a0\u00bb fullwidth_content=\u00a0\u00bbfalse\u00a0\u00bb equal_columns=\u00a0\u00bbtrue\u00a0\u00bb css=\u00a0\u00bb.vc_custom_1551453858918{padding-top: 30px !important;padding-bottom: 20px !important;background-color: #c33228 !important;}\u00a0\u00bb][vc_column width=\u00a0\u00bb2\/3&Prime; css=\u00a0\u00bb.vc_custom_1513970635469{padding-top: 15px !important;}\u00a0\u00bb][vc_custom_heading text=\u00a0\u00bbSouhaitez-vous placer nos produits sur vos \u00e9tag\u00e8res?\u00a0\u00bb font_container=\u00a0\u00bbtag:h2|text_align:center|color:%23ffffff\u00a0\u00bb use_theme_fonts=\u00a0\u00bbyes\u00a0\u00bb css_animation=\u00a0\u00bbnone\u00a0\u00bb][\/vc_column][vc_column width=\u00a0\u00bb1\/3&Prime;][mk_button dimension=\u00a0\u00bbdouble-outline\u00a0\u00bb size=\u00a0\u00bblarge\u00a0\u00bb icon=\u00a0\u00bbmk-moon-phone-3&Prime; url=\u00a0\u00bbhttps:\/\/www.pastaromana.com\/fr\/contact\/\u00a0\u00bb align=\u00a0\u00bbcenter\u00a0\u00bb outline_skin=\u00a0\u00bbcustom\u00a0\u00bb outline_active_color=\u00a0\u00bb#ffffff\u00a0\u00bb outline_active_text_color=\u00a0\u00bb#000000&Prime; outline_hover_bg_color=\u00a0\u00bb#a40000&Prime; outline_hover_color=\u00a0\u00bb#ffffff\u00a0\u00bb]Contactez-Nous[\/mk_button][\/vc_column][\/vc_row]\n","protected":false},"excerpt":{"rendered":"<p>[mk_page_section vertical_align=\u00a0\u00bbtop\u00a0\u00bb bg_image=\u00a0\u00bbhttps:\/\/www.pastaromana.com\/wp-content\/uploads\/2017\/12\/rsz_new-banner.jpg\u00a0\u00bb bg_position=\u00a0\u00bbcenter top\u00a0\u00bb bg_repeat=\u00a0\u00bbno-repeat\u00a0\u00bb bg_stretch=\u00a0\u00bbtrue\u00a0\u00bb video_opacity=\u00a0\u00bb0&Prime; min_height=\u00a0\u00bb300&Prime; full_width=\u00a0\u00bbtrue\u00a0\u00bb padding_top=\u00a0\u00bb0&Prime; padding_bottom=\u00a0\u00bb0&Prime; sidebar=\u00a0\u00bbsidebar-1&Prime;][vc_column][\/vc_column][\/mk_page_section][vc_row][vc_column][vc_custom_heading text=\u00a0\u00bbNos P\u00e2tes Farcies\u00a0\u00bb font_container=\u00a0\u00bbtag:h1|font_size:42|text_align:center|color:%230a0a0a\u00a0\u00bb use_theme_fonts=\u00a0\u00bbyes\u00a0\u00bb css_animation=\u00a0\u00bbnone\u00a0\u00bb css=\u00a0\u00bb.vc_custom_1516988933054{padding-top: 150px !important;}\u00a0\u00bb][\/vc_column][\/vc_row][vc_row css=\u00a0\u00bb.vc_custom_1513713689372{margin-top: 100px !important;margin-bottom: 50px !important;}\u00a0\u00bb][vc_column width=\u00a0\u00bb1\/3&Prime;][vc_single_image image=\u00a0\u00bb3554&Prime; img_size=\u00a0\u00bbfull\u00a0\u00bb alignment=\u00a0\u00bbcenter\u00a0\u00bb][vc_column_text css=\u00a0\u00bb.vc_custom_1555440370361{margin-bottom: 0px !important;}\u00a0\u00bb] Manicotti &#8211; Ricotta &amp; \u00c9pinards Frais [\/vc_column_text][vc_separator][\/vc_column][vc_column width=\u00a0\u00bb1\/3&Prime;][vc_single_image image=\u00a0\u00bb3556&Prime; img_size=\u00a0\u00bbfull\u00a0\u00bb alignment=\u00a0\u00bbcenter\u00a0\u00bb][vc_column_text css=\u00a0\u00bb.vc_custom_1555438283893{margin-bottom: 0px !important;}\u00a0\u00bb] Tortellini &#8211; Boeuf Frais [\/vc_column_text][vc_separator][\/vc_column][vc_column width=\u00a0\u00bb1\/3&Prime;][vc_single_image image=\u00a0\u00bb3558&Prime; [&hellip;]<\/p>\n","protected":false},"author":2,"featured_media":0,"parent":0,"menu_order":0,"comment_status":"closed","ping_status":"closed","template":"","meta":{"footnotes":""},"class_list":["post-3083","page","type-page","status-publish","hentry"],"_links":{"self":[{"href":"https:\/\/www.pastaromana.com\/fr\/wp-json\/wp\/v2\/pages\/3083\/"}],"collection":[{"href":"https:\/\/www.pastaromana.com\/fr\/wp-json\/wp\/v2\/pages\/"}],"about":[{"href":"https:\/\/www.pastaromana.com\/fr\/wp-json\/wp\/v2\/types\/page\/"}],"author":[{"embeddable":true,"href":"https:\/\/www.pastaromana.com\/fr\/wp-json\/wp\/v2\/users\/2\/"}],"replies":[{"embeddable":true,"href":"https:\/\/www.pastaromana.com\/fr\/wp-json\/wp\/v2\/comments\/?post=3083"}],"version-history":[{"count":27,"href":"https:\/\/www.pastaromana.com\/fr\/wp-json\/wp\/v2\/pages\/3083\/revisions\/"}],"predecessor-version":[{"id":3561,"href":"https:\/\/www.pastaromana.com\/fr\/wp-json\/wp\/v2\/pages\/3083\/revisions\/3561\/"}],"wp:attachment":[{"href":"https:\/\/www.pastaromana.com\/fr\/wp-json\/wp\/v2\/media\/?parent=3083"}],"curies":[{"name":"wp","href":"https:\/\/api.w.org\/{rel}","templated":true}]}}