{"id":3077,"date":"2018-01-12T19:45:51","date_gmt":"2018-01-12T19:45:51","guid":{"rendered":"https:\/\/www.pastaromana.com\/?page_id=3077"},"modified":"2020-07-15T02:50:00","modified_gmt":"2020-07-15T02:50:00","slug":"certifications","status":"publish","type":"page","link":"https:\/\/www.pastaromana.com\/fr\/certifications\/","title":{"rendered":"Certifications"},"content":{"rendered":"[mk_page_section bg_image=\u00a0\u00bbhttps:\/\/www.pastaromana.com\/wp-content\/uploads\/2017\/12\/rsz_new-banner.jpg\u00a0\u00bb bg_position=\u00a0\u00bbcenter top\u00a0\u00bb bg_repeat=\u00a0\u00bbno-repeat\u00a0\u00bb bg_stretch=\u00a0\u00bbtrue\u00a0\u00bb min_height=\u00a0\u00bb300&Prime; sidebar=\u00a0\u00bbsidebar-1&Prime;][vc_column][\/vc_column][\/mk_page_section][vc_row][vc_column][mk_divider style=\u00a0\u00bbpadding_space\u00a0\u00bb][vc_custom_heading text=\u00a0\u00bbDes Produits de Qualit\u00e9 de Confiance\u00a0\u00bb font_container=\u00a0\u00bbtag:h2|font_size:42|text_align:center|color:%23000000&Prime; use_theme_fonts=\u00a0\u00bbyes\u00a0\u00bb][\/vc_column][\/vc_row][vc_row fullwidth=\u00a0\u00bbtrue\u00a0\u00bb fullwidth_content=\u00a0\u00bbfalse\u00a0\u00bb css=\u00a0\u00bb.vc_custom_1513714575405{margin-top: 50px !important;}\u00a0\u00bb][vc_column][mk_image src=\u00a0\u00bbhttps:\/\/www.pastaromana.com\/wp-content\/uploads\/2019\/09\/badges-fr-2.png\u00a0\u00bb image_size=\u00a0\u00bbfull\u00a0\u00bb align=\u00a0\u00bbcenter\u00a0\u00bb][\/vc_column][\/vc_row][vc_row][vc_column][vc_custom_heading text=\u00a0\u00bbNous avons incorpor\u00e9 les traditions culinaires raffin\u00e9es par nos anc\u00eatres, les m\u00e9thodes de pr\u00e9paration minutieuses &#8230; et les derni\u00e8res avanc\u00e9es technologiques !\u00a0\u00bb font_container=\u00a0\u00bbtag:h3|font_size:27|text_align:center\u00a0\u00bb use_theme_fonts=\u00a0\u00bbyes\u00a0\u00bb][mk_divider style=\u00a0\u00bbthin_solid\u00a0\u00bb divider_width=\u00a0\u00bbcustom_width\u00a0\u00bb custom_width=\u00a0\u00bb170&Prime; thin_single_color=\u00a0\u00bb#a40000&Prime; thickness=\u00a0\u00bb2&Prime;][mk_custom_list]\n<div id=\"i4c-draggable-container\" style=\"position: fixed; z-index: 1499; width: 0px; height: 0px;\">\n<div class=\"resolved\" style=\"all: initial;\" data-reactroot=\"\"><\/div>\n<\/div>\n<ul style=\"text-align: left;\">\n<li><strong><u>Capacit\u00e9 de Production:<\/u><\/strong> Trois expansions cons\u00e9cutives ont transform\u00e9 notre usine, accr\u00e9dit\u00e9e HACCP, de 3 000 \u00e0 40 000 pi<sup>2<\/sup>, alors que notre capacit\u00e9 de production est maintenant de 2 268 kg (5 000 lb) de p\u00e2tes\/heure et de 1 000 L (264 gal) de sauce\/heure.<\/li>\n<\/ul>\n<p>&nbsp;<\/p>\n<ul style=\"text-align: left;\">\n<li><strong style=\"line-height: 1.5;\"><u>Contr\u00f4le de Qualit\u00e9:<\/u><\/strong><span style=\"line-height: 1.5;\"><span style=\"line-height: 1.5;\"> Pour assurer une qualit\u00e9 coh\u00e9rente, nous exp\u00e9rimentons tous les produits dans notre propre laboratoire, et ce quotidiennement. Alors que notre passion se refl\u00e8te dans nos produits, nos normes coh\u00e9rentes sont r\u00e9v\u00e9l\u00e9es dans nos processus de fabrication. Elles incluent les proc\u00e9dures les plus strictes, les plus contr\u00f4l\u00e9es en tant que notre garantie de qualit\u00e9.<\/span><\/span><\/li>\n<\/ul>\n<p>&nbsp;<\/p>\n<ul style=\"text-align: left;\">\n<li><strong><u>Satisfaction du Client:<\/u><\/strong> De la production \u00e0 la distribution, notre poursuite constante de l\u2019excellence nous a permis d\u2019obtenir la certification SQF et C-TPAT.<\/li>\n<\/ul>\n<div id=\"i4c-dialogs-container\"><\/div>\n[\/mk_custom_list][\/vc_column][\/vc_row][vc_row fullwidth=\u00a0\u00bbtrue\u00a0\u00bb fullwidth_content=\u00a0\u00bbfalse\u00a0\u00bb equal_columns=\u00a0\u00bbtrue\u00a0\u00bb css=\u00a0\u00bb.vc_custom_1551454166407{padding-top: 30px !important;padding-bottom: 20px !important;background-color: #c33228 !important;}\u00a0\u00bb][vc_column width=\u00a0\u00bb2\/3&Prime; css=\u00a0\u00bb.vc_custom_1513970707988{padding-top: 15px !important;}\u00a0\u00bb][vc_custom_heading text=\u00a0\u00bbSouhaitez-vous placez nos produits sur vos \u00e9tag\u00e8res?\u00a0\u00bb font_container=\u00a0\u00bbtag:h2|text_align:center|color:%23ffffff\u00a0\u00bb use_theme_fonts=\u00a0\u00bbyes\u00a0\u00bb][\/vc_column][vc_column width=\u00a0\u00bb1\/3&Prime;][mk_button dimension=\u00a0\u00bbdouble-outline\u00a0\u00bb size=\u00a0\u00bblarge\u00a0\u00bb icon=\u00a0\u00bbmk-moon-phone-3&Prime; url=\u00a0\u00bbhttps:\/\/www.pastaromana.com\/fr\/contact\/\u00a0\u00bb align=\u00a0\u00bbcenter\u00a0\u00bb el_class=\u00a0\u00bbmainbutton\u00a0\u00bb outline_skin=\u00a0\u00bbcustom\u00a0\u00bb outline_active_color=\u00a0\u00bb#ffffff\u00a0\u00bb outline_active_text_color=\u00a0\u00bb#000000&Prime; outline_hover_bg_color=\u00a0\u00bb#a40000&Prime; outline_hover_color=\u00a0\u00bb#ffffff\u00a0\u00bb]Contactez-Nous[\/mk_button][\/vc_column][\/vc_row]\n<div id=\"i4c-dialogs-container\"><\/div>\n","protected":false},"excerpt":{"rendered":"<p>[mk_page_section bg_image=\u00a0\u00bbhttps:\/\/www.pastaromana.com\/wp-content\/uploads\/2017\/12\/rsz_new-banner.jpg\u00a0\u00bb bg_position=\u00a0\u00bbcenter top\u00a0\u00bb bg_repeat=\u00a0\u00bbno-repeat\u00a0\u00bb bg_stretch=\u00a0\u00bbtrue\u00a0\u00bb min_height=\u00a0\u00bb300&Prime; sidebar=\u00a0\u00bbsidebar-1&Prime;][vc_column][\/vc_column][\/mk_page_section][vc_row][vc_column][mk_divider style=\u00a0\u00bbpadding_space\u00a0\u00bb][vc_custom_heading text=\u00a0\u00bbDes Produits de Qualit\u00e9 de Confiance\u00a0\u00bb font_container=\u00a0\u00bbtag:h2|font_size:42|text_align:center|color:%23000000&Prime; use_theme_fonts=\u00a0\u00bbyes\u00a0\u00bb][\/vc_column][\/vc_row][vc_row fullwidth=\u00a0\u00bbtrue\u00a0\u00bb fullwidth_content=\u00a0\u00bbfalse\u00a0\u00bb css=\u00a0\u00bb.vc_custom_1513714575405{margin-top: 50px !important;}\u00a0\u00bb][vc_column][mk_image src=\u00a0\u00bbhttps:\/\/www.pastaromana.com\/wp-content\/uploads\/2019\/09\/badges-fr-2.png\u00a0\u00bb image_size=\u00a0\u00bbfull\u00a0\u00bb align=\u00a0\u00bbcenter\u00a0\u00bb][\/vc_column][\/vc_row][vc_row][vc_column][vc_custom_heading text=\u00a0\u00bbNous avons incorpor\u00e9 les traditions culinaires raffin\u00e9es par nos anc\u00eatres, les m\u00e9thodes de pr\u00e9paration minutieuses &#8230; et les derni\u00e8res avanc\u00e9es technologiques !\u00a0\u00bb font_container=\u00a0\u00bbtag:h3|font_size:27|text_align:center\u00a0\u00bb use_theme_fonts=\u00a0\u00bbyes\u00a0\u00bb][mk_divider style=\u00a0\u00bbthin_solid\u00a0\u00bb divider_width=\u00a0\u00bbcustom_width\u00a0\u00bb custom_width=\u00a0\u00bb170&Prime; thin_single_color=\u00a0\u00bb#a40000&Prime; thickness=\u00a0\u00bb2&Prime;][mk_custom_list] Capacit\u00e9 [&hellip;]<\/p>\n","protected":false},"author":2,"featured_media":0,"parent":0,"menu_order":0,"comment_status":"closed","ping_status":"closed","template":"","meta":{"footnotes":""},"class_list":["post-3077","page","type-page","status-publish","hentry"],"_links":{"self":[{"href":"https:\/\/www.pastaromana.com\/fr\/wp-json\/wp\/v2\/pages\/3077\/"}],"collection":[{"href":"https:\/\/www.pastaromana.com\/fr\/wp-json\/wp\/v2\/pages\/"}],"about":[{"href":"https:\/\/www.pastaromana.com\/fr\/wp-json\/wp\/v2\/types\/page\/"}],"author":[{"embeddable":true,"href":"https:\/\/www.pastaromana.com\/fr\/wp-json\/wp\/v2\/users\/2\/"}],"replies":[{"embeddable":true,"href":"https:\/\/www.pastaromana.com\/fr\/wp-json\/wp\/v2\/comments\/?post=3077"}],"version-history":[{"count":19,"href":"https:\/\/www.pastaromana.com\/fr\/wp-json\/wp\/v2\/pages\/3077\/revisions\/"}],"predecessor-version":[{"id":3182,"href":"https:\/\/www.pastaromana.com\/fr\/wp-json\/wp\/v2\/pages\/3077\/revisions\/3182\/"}],"wp:attachment":[{"href":"https:\/\/www.pastaromana.com\/fr\/wp-json\/wp\/v2\/media\/?parent=3077"}],"curies":[{"name":"wp","href":"https:\/\/api.w.org\/{rel}","templated":true}]}}