{"id":3074,"date":"2018-01-12T19:38:53","date_gmt":"2018-01-12T19:38:53","guid":{"rendered":"https:\/\/www.pastaromana.com\/?page_id=3074"},"modified":"2019-03-01T15:26:45","modified_gmt":"2019-03-01T15:26:45","slug":"a-propos","status":"publish","type":"page","link":"https:\/\/www.pastaromana.com\/fr\/a-propos\/","title":{"rendered":"\u00c0 Propos"},"content":{"rendered":"[mk_page_section vertical_align=\u00a0\u00bbtop\u00a0\u00bb bg_image=\u00a0\u00bbhttps:\/\/www.pastaromana.com\/wp-content\/uploads\/2017\/12\/about-us-pasta.jpg\u00a0\u00bb bg_position=\u00a0\u00bbcenter top\u00a0\u00bb bg_repeat=\u00a0\u00bbno-repeat\u00a0\u00bb bg_stretch=\u00a0\u00bbtrue\u00a0\u00bb video_opacity=\u00a0\u00bb0&Prime; min_height=\u00a0\u00bb300&Prime; full_width=\u00a0\u00bbtrue\u00a0\u00bb js_vertical_centered=\u00a0\u00bbtrue\u00a0\u00bb padding_top=\u00a0\u00bb0&Prime; padding_bottom=\u00a0\u00bb0&Prime; sidebar=\u00a0\u00bbsidebar-1&Prime;][vc_column][\/vc_column][\/mk_page_section][vc_row][vc_column][mk_divider style=\u00a0\u00bbpadding_space\u00a0\u00bb][vc_column_text css=\u00a0\u00bb.vc_custom_1551453447899{margin-bottom: 0px !important;}\u00a0\u00bb]\n<h2 style=\"text-align: center;\">\u00c0 Propos de Pasta Romana<\/h2>\n<p style=\"text-align: center;\"><strong><span style=\"color: #c33228;\"><br \/>\nNotre approche int\u00e8gre le meilleur du pass\u00e9!<\/span><\/strong><\/p>\n<p style=\"text-align: center;\"><strong><span style=\"color: #c33228;\">Nos techniques de production d\u00e9finissent le futur.<br \/>\n<\/span><\/strong><\/p>\n[\/vc_column_text][\/vc_column][\/vc_row][vc_row css=\u00a0\u00bb.vc_custom_1513712330650{margin-top: 25px !important;}\u00a0\u00bb][vc_column width=\u00a0\u00bb1\/3&Prime;][mk_icon_box2 icon_size=\u00a0\u00bb64&Prime; icon=\u00a0\u00bbmk-li-food\u00a0\u00bb icon_color=\u00a0\u00bb#000000&Prime;]\n<p style=\"text-align: center;\"><span style=\"font-weight: 400;\">Pr\u00e9par\u00e9s pour vous par des artisans locaux, form\u00e9s en Italie, nos sp\u00e9cialit\u00e9s vous permettent de servir un repas de qualit\u00e9 traiteur en moins de 10 minutes.<\/span><\/p>\n[\/mk_icon_box2][mk_icon_box2 icon_type=\u00a0\u00bbimage\u00a0\u00bb icon_size=\u00a0\u00bb64&Prime; icon_image=\u00a0\u00bbhttps:\/\/www.pastaromana.com\/wp-content\/uploads\/2017\/12\/995_cloche_food_cover.png\u00a0\u00bb]\n<p style=\"text-align: center;\"><span style=\"font-weight: 400;\">Nous nous assurons que nos l\u00e9gumes, nos herbes et nos condiments conservent toute la fra\u00eecheur, la couleur et l&rsquo;ar\u00f4me \u00e9tant disponibles sur le march\u00e9.<\/span><\/p>\n[\/mk_icon_box2][\/vc_column][vc_column width=\u00a0\u00bb1\/3&Prime;][mk_divider style=\u00a0\u00bbpadding_space\u00a0\u00bb margin_top=\u00a0\u00bb80&Prime; margin_bottom=\u00a0\u00bb80&Prime;][vc_single_image image=\u00a0\u00bb3468&Prime; img_size=\u00a0\u00bbmedium\u00a0\u00bb alignment=\u00a0\u00bbcenter\u00a0\u00bb][\/vc_column][vc_column width=\u00a0\u00bb1\/3&Prime;][mk_divider style=\u00a0\u00bbpadding_space\u00a0\u00bb margin_top=\u00a0\u00bb30&Prime; margin_bottom=\u00a0\u00bb30&Prime;][mk_icon_box2 icon_type=\u00a0\u00bbimage\u00a0\u00bb icon_size=\u00a0\u00bb64&Prime; icon_image=\u00a0\u00bbhttps:\/\/www.pastaromana.com\/wp-content\/uploads\/2017\/12\/1052_badge.png\u00a0\u00bb]\n<p style=\"text-align: center;\"><span style=\"font-weight: 400;\">Nos p\u00e2tes, \u00e0 la fine pointe de la technologie, sont faites de semoule de bl\u00e9 dur \u00e0 100% et d\u2019\u0153ufs frais pour une couleur plus riche et un temps de cuisson plus court.<\/span><\/p>\n[\/mk_icon_box2][mk_icon_box2 icon_type=\u00a0\u00bbimage\u00a0\u00bb icon_size=\u00a0\u00bb64&Prime; icon_image=\u00a0\u00bbhttps:\/\/www.pastaromana.com\/wp-content\/uploads\/2017\/12\/883_plane.png\u00a0\u00bb]\n<p style=\"text-align: center;\"><span style=\"font-weight: 400;\">Nous cuisinons avec des vins et des fromages import\u00e9s d\u2019Italie ou fi\u00e8rement produits ici. Notre Parmigiano est Reggiano et notre prosciutto vient de Parme.<\/span><\/p>\n[\/mk_icon_box2][\/vc_column][\/vc_row][vc_row][vc_column][\/vc_column][\/vc_row]\n","protected":false},"excerpt":{"rendered":"<p>[mk_page_section vertical_align=\u00a0\u00bbtop\u00a0\u00bb bg_image=\u00a0\u00bbhttps:\/\/www.pastaromana.com\/wp-content\/uploads\/2017\/12\/about-us-pasta.jpg\u00a0\u00bb bg_position=\u00a0\u00bbcenter top\u00a0\u00bb bg_repeat=\u00a0\u00bbno-repeat\u00a0\u00bb bg_stretch=\u00a0\u00bbtrue\u00a0\u00bb video_opacity=\u00a0\u00bb0&Prime; min_height=\u00a0\u00bb300&Prime; full_width=\u00a0\u00bbtrue\u00a0\u00bb js_vertical_centered=\u00a0\u00bbtrue\u00a0\u00bb padding_top=\u00a0\u00bb0&Prime; padding_bottom=\u00a0\u00bb0&Prime; sidebar=\u00a0\u00bbsidebar-1&Prime;][vc_column][\/vc_column][\/mk_page_section][vc_row][vc_column][mk_divider style=\u00a0\u00bbpadding_space\u00a0\u00bb][vc_column_text css=\u00a0\u00bb.vc_custom_1551453447899{margin-bottom: 0px !important;}\u00a0\u00bb] \u00c0 Propos de Pasta Romana Notre approche int\u00e8gre le meilleur du pass\u00e9! Nos techniques de production d\u00e9finissent le futur. [\/vc_column_text][\/vc_column][\/vc_row][vc_row css=\u00a0\u00bb.vc_custom_1513712330650{margin-top: 25px !important;}\u00a0\u00bb][vc_column width=\u00a0\u00bb1\/3&Prime;][mk_icon_box2 icon_size=\u00a0\u00bb64&Prime; icon=\u00a0\u00bbmk-li-food\u00a0\u00bb icon_color=\u00a0\u00bb#000000&Prime;] Pr\u00e9par\u00e9s pour vous par des artisans locaux, form\u00e9s en Italie, [&hellip;]<\/p>\n","protected":false},"author":2,"featured_media":0,"parent":0,"menu_order":0,"comment_status":"closed","ping_status":"closed","template":"","meta":{"footnotes":""},"class_list":["post-3074","page","type-page","status-publish","hentry"],"_links":{"self":[{"href":"https:\/\/www.pastaromana.com\/fr\/wp-json\/wp\/v2\/pages\/3074\/"}],"collection":[{"href":"https:\/\/www.pastaromana.com\/fr\/wp-json\/wp\/v2\/pages\/"}],"about":[{"href":"https:\/\/www.pastaromana.com\/fr\/wp-json\/wp\/v2\/types\/page\/"}],"author":[{"embeddable":true,"href":"https:\/\/www.pastaromana.com\/fr\/wp-json\/wp\/v2\/users\/2\/"}],"replies":[{"embeddable":true,"href":"https:\/\/www.pastaromana.com\/fr\/wp-json\/wp\/v2\/comments\/?post=3074"}],"version-history":[{"count":19,"href":"https:\/\/www.pastaromana.com\/fr\/wp-json\/wp\/v2\/pages\/3074\/revisions\/"}],"predecessor-version":[{"id":3475,"href":"https:\/\/www.pastaromana.com\/fr\/wp-json\/wp\/v2\/pages\/3074\/revisions\/3475\/"}],"wp:attachment":[{"href":"https:\/\/www.pastaromana.com\/fr\/wp-json\/wp\/v2\/media\/?parent=3074"}],"curies":[{"name":"wp","href":"https:\/\/api.w.org\/{rel}","templated":true}]}}