{"id":3072,"date":"2018-01-12T19:33:47","date_gmt":"2018-01-12T19:33:47","guid":{"rendered":"https:\/\/www.pastaromana.com\/?page_id=3072"},"modified":"2019-09-10T13:51:07","modified_gmt":"2019-09-10T13:51:07","slug":"accueil","status":"publish","type":"page","link":"https:\/\/www.pastaromana.com\/fr\/","title":{"rendered":"Accueil"},"content":{"rendered":"[vc_row][vc_column]<div class=\"avt_masterslider_el \" >\n\t\t<!-- MasterSlider -->\n\t\t<div id=\"P_MS69f603542824d\" class=\"master-slider-parent ms-parent-id-2\"  >\n\n\t\t\t\n\t\t\t<!-- MasterSlider Main -->\n\t\t\t<div id=\"MS69f603542824d\" class=\"master-slider ms-skin-default\" >\n\t\t\t\t \t\t\t\t \n\n\t\t\t<div  class=\"ms-slide\" data-delay=\"3\" data-fill-mode=\"fill\"   >\n\t\t\t\t\t<img decoding=\"async\" src=\"https:\/\/www.pastaromana.com\/wp-content\/plugins\/masterslider\/public\/assets\/css\/blank.gif\" alt=\"\" title=\"meaty-sauce\" data-src=\"https:\/\/www.pastaromana.com\/wp-content\/uploads\/2018\/01\/pasta-romana-1.jpg\" \/>\n\n\n\t\t\t\t<\/div>\n\n\t\t\t<\/div>\n\t\t\t<!-- END MasterSlider Main -->\n\n\t\t\t \n\t\t<\/div>\n\t\t<!-- END MasterSlider -->\n\n\t\t<script>\n\t\t( window.MSReady = window.MSReady || [] ).push( function( $ ) {\n\n\t\t\t\"use strict\";\n\t\t\tvar masterslider_824d = new MasterSlider();\n\n\t\t\t\/\/ slider controls\n\t\t\t\/\/ slider setup\n\t\t\tmasterslider_824d.setup(\"MS69f603542824d\", {\n\t\t\t\twidth           : 1350,\n\t\t\t\theight          : 850,\n\t\t\t\tminHeight       : 0,\n\t\t\t\tspace           : 0,\n\t\t\t\tstart           : 1,\n\t\t\t\tgrabCursor      : false,\n\t\t\t\tswipe           : false,\n\t\t\t\tmouse           : false,\n\t\t\t\tkeyboard        : false,\n\t\t\t\tlayout          : \"fullwidth\",\n\t\t\t\twheel           : false,\n\t\t\t\tautoplay        : false,\n                instantStartLayers:false,\n\t\t\t\tmobileBGVideo:false,\n\t\t\t\tloop            : false,\n\t\t\t\tshuffle         : false,\n\t\t\t\tpreload         : 0,\n\t\t\t\theightLimit     : true,\n\t\t\t\tautoHeight      : false,\n\t\t\t\tsmoothHeight    : true,\n\t\t\t\tendPause        : false,\n\t\t\t\toverPause       : false,\n\t\t\t\tfillMode        : \"fill\",\n\t\t\t\tcenterControls  : false,\n\t\t\t\tstartOnAppear   : false,\n\t\t\t\tlayersMode      : \"center\",\n\t\t\t\tautofillTarget  : \"\",\n\t\t\t\thideLayers      : false,\n\t\t\t\tfullscreenMargin: 0,\n\t\t\t\tspeed           : 20,\n\t\t\t\tdir             : \"h\",\n\t\t\t\tparallaxMode    : 'swipe',\n\t\t\t\tview            : \"basic\"\n\t\t\t});\n\n\t\t\t\n\t\t\twindow.masterslider_instances = window.masterslider_instances || [];\n\t\t\twindow.masterslider_instances.push( masterslider_824d );\n\t\t});\n\t\t<\/script>\n\n<\/div>[mk_divider style=\u00a0\u00bbpadding_space\u00a0\u00bb][vc_custom_heading text=\u00a0\u00bbDes Aliments de Qualit\u00e9 Depuis Plus de 20 ans\u00a0\u00bb font_container=\u00a0\u00bbtag:h2|text_align:center|color:%23000000&Prime; use_theme_fonts=\u00a0\u00bbyes\u00a0\u00bb][vc_column_text align=\u00a0\u00bbcenter\u00a0\u00bb css=\u00a0\u00bb.vc_custom_1523032947969{margin-bottom: 0px !important;}\u00a0\u00bb]<span style=\"color: #000000;\">Pasta Romana est une entreprise familiale fond\u00e9e en 1996 par Bernard et ses fils. Depuis nos d\u00e9buts, toutes nos sp\u00e9cialit\u00e9s sont pr\u00e9par\u00e9es \u00e0 la maison \u2013 et produites avec une qualit\u00e9 sup\u00e9rieure.<\/span>[\/vc_column_text][\/vc_column][\/vc_row][vc_row fullwidth=\u00a0\u00bbtrue\u00a0\u00bb fullwidth_content=\u00a0\u00bbfalse\u00a0\u00bb el_class=\u00a0\u00bbtopicons\u00a0\u00bb][vc_column][mk_image src=\u00a0\u00bbhttps:\/\/www.pastaromana.com\/wp-content\/uploads\/2019\/09\/badges-fr-2.png\u00a0\u00bb image_size=\u00a0\u00bbfull\u00a0\u00bb align=\u00a0\u00bbcenter\u00a0\u00bb][\/vc_column][\/vc_row][vc_row fullwidth=\u00a0\u00bbtrue\u00a0\u00bb equal_columns=\u00a0\u00bbtrue\u00a0\u00bb attached=\u00a0\u00bbtrue\u00a0\u00bb css=\u00a0\u00bb.vc_custom_1514067861394{background-color: #fff9ef !important;}\u00a0\u00bb][vc_column width=\u00a0\u00bb1\/2&Prime; css=\u00a0\u00bb.vc_custom_1515784652434{background-image: url(https:\/\/www.pastaromana.com\/wp-content\/uploads\/2017\/12\/968-w.jpg?id=3023) !important;background-position: center !important;background-repeat: no-repeat !important;background-size: cover !important;}\u00a0\u00bb][vc_empty_space height=\u00a0\u00bb300px\u00a0\u00bb][\/vc_column][vc_column width=\u00a0\u00bb1\/2&Prime; css=\u00a0\u00bb.vc_custom_1513969440722{margin-top: 20px !important;padding-top: 40px !important;padding-right: 20px !important;padding-bottom: 150px !important;padding-left: 60px !important;}\u00a0\u00bb][vc_custom_heading text=\u00a0\u00bbNos P\u00e2tes Fra\u00eechement D\u00e9lectables\u00a0\u00bb font_container=\u00a0\u00bbtag:h2|text_align:center\u00a0\u00bb use_theme_fonts=\u00a0\u00bbyes\u00a0\u00bb][vc_column_text align=\u00a0\u00bbcenter\u00a0\u00bb css=\u00a0\u00bb.vc_custom_1523033178337{margin-bottom: 0px !important;}\u00a0\u00bb]Chez Pasta Romana, nous offrons une vari\u00e9t\u00e9 de\u00a0p\u00e2tes fra\u00eeches. Nos artisans exp\u00e9riment\u00e9s ont \u00e9t\u00e9 form\u00e9s en Italie et<strong>\u00a0ont raffin\u00e9 l\u2019art de la p\u00e2te en une science d\u00e9lectable.<\/strong><\/p>\n<p>Peu importe si vous souhaitez planifier un \u00e9v\u00e9nement familial ou de profiter d\u2019un bon repas sain, nous avons <strong>pr\u00e9cis\u00e9ment\u00a0ce qu&rsquo;il vous faut afin de satisfaire vos papilles.<\/strong>[\/vc_column_text][mk_button dimension=\u00a0\u00bbdouble-outline\u00a0\u00bb size=\u00a0\u00bblarge\u00a0\u00bb icon=\u00a0\u00bbmk-icon-info-circle\u00a0\u00bb url=\u00a0\u00bbhttps:\/\/www.pastaromana.com\/fr\/nos-pates\/\u00a0\u00bb align=\u00a0\u00bbcenter\u00a0\u00bb button_custom_width=\u00a0\u00bb210&Prime; el_class=\u00a0\u00bbmainbutton\u00a0\u00bb outline_skin=\u00a0\u00bbcustom\u00a0\u00bb outline_active_color=\u00a0\u00bb#c23228&Prime; outline_active_text_color=\u00a0\u00bb#ffffff\u00a0\u00bb outline_hover_bg_color=\u00a0\u00bb#ffffff\u00a0\u00bb outline_hover_color=\u00a0\u00bb#c23228&Prime;]Voir P\u00e2tes[\/mk_button][\/vc_column][\/vc_row][vc_row fullwidth=\u00a0\u00bbtrue\u00a0\u00bb equal_columns=\u00a0\u00bbtrue\u00a0\u00bb attached=\u00a0\u00bbtrue\u00a0\u00bb css=\u00a0\u00bb.vc_custom_1514067032612{background-color: #ffffff !important;}\u00a0\u00bb][vc_column width=\u00a0\u00bb1\/2&Prime; css=\u00a0\u00bb.vc_custom_1513969459246{margin-top: 20px !important;padding-top: 40px !important;padding-right: 20px !important;padding-bottom: 150px !important;padding-left: 60px !important;}\u00a0\u00bb][vc_custom_heading text=\u00a0\u00bbNos Sauces Fra\u00eechement D\u00e9licieuses\u00a0\u00bb font_container=\u00a0\u00bbtag:h2|text_align:center\u00a0\u00bb use_theme_fonts=\u00a0\u00bbyes\u00a0\u00bb][vc_column_text align=\u00a0\u00bbcenter\u00a0\u00bb css=\u00a0\u00bb.vc_custom_1532446373714{margin-bottom: 0px !important;}\u00a0\u00bb]Apr\u00e8s plus de 20 ans, chez Pasta Romana, nous avons perfectionn\u00e9 l\u2019ajout n\u00e9cessaire \u00e0 tout plat de p\u00e2tes fra\u00eeches;\u00a0<strong>la sauce parfaite.<\/strong><\/p>\n<p>Quel que soit votre occasion ou votre go\u00fbt, vous \u00eates assur\u00e9 de trouver la<strong>\u00a0sauce id\u00e9ale afin de perfectionner n\u2019importe quelle p\u00e2te.<\/strong>[\/vc_column_text][mk_button dimension=\u00a0\u00bbdouble-outline\u00a0\u00bb size=\u00a0\u00bblarge\u00a0\u00bb icon=\u00a0\u00bbmk-icon-info-circle\u00a0\u00bb url=\u00a0\u00bbhttps:\/\/www.pastaromana.com\/fr\/nos-sauces\/\u00a0\u00bb align=\u00a0\u00bbcenter\u00a0\u00bb el_class=\u00a0\u00bbmainbutton\u00a0\u00bb outline_skin=\u00a0\u00bbcustom\u00a0\u00bb outline_active_color=\u00a0\u00bb#c23228&Prime; outline_active_text_color=\u00a0\u00bb#ffffff\u00a0\u00bb outline_hover_bg_color=\u00a0\u00bb#ffffff\u00a0\u00bb outline_hover_color=\u00a0\u00bb#c23228&Prime;]Voir Sauces[\/mk_button][\/vc_column][vc_column width=\u00a0\u00bb1\/2&Prime; css=\u00a0\u00bb.vc_custom_1515784714839{background-image: url(https:\/\/www.pastaromana.com\/wp-content\/uploads\/2017\/12\/meaty-sauce.jpg?id=3025) !important;background-position: center !important;background-repeat: no-repeat !important;background-size: cover !important;}\u00a0\u00bb][vc_empty_space height=\u00a0\u00bb300px\u00a0\u00bb][\/vc_column][\/vc_row][vc_row fullwidth=\u00a0\u00bbtrue\u00a0\u00bb css=\u00a0\u00bb.vc_custom_1550854826650{margin-top: -35px !important;padding-top: 20px !important;padding-right: 15px !important;padding-bottom: 20px !important;padding-left: 15px !important;background-color: #c23228 !important;}\u00a0\u00bb][vc_column width=\u00a0\u00bb2\/3&Prime; css=\u00a0\u00bb.vc_custom_1513937168077{padding-top: 15px !important;}\u00a0\u00bb][vc_custom_heading text=\u00a0\u00bbSouhaitez-vous placer nos produits sur vos \u00e9tag\u00e8res?\u00a0\u00bb font_container=\u00a0\u00bbtag:h2|text_align:center|color:%23ffffff\u00a0\u00bb use_theme_fonts=\u00a0\u00bbyes\u00a0\u00bb][\/vc_column][vc_column width=\u00a0\u00bb1\/3&Prime;][mk_button dimension=\u00a0\u00bbdouble-outline\u00a0\u00bb size=\u00a0\u00bblarge\u00a0\u00bb icon=\u00a0\u00bbmk-moon-phone-3&Prime; url=\u00a0\u00bbhttps:\/\/www.pastaromana.com\/fr\/contact\/\u00a0\u00bb el_class=\u00a0\u00bbmainbutton\u00a0\u00bb outline_skin=\u00a0\u00bblight\u00a0\u00bb]Contactez-Nous[\/mk_button][\/vc_column][\/vc_row]\n","protected":false},"excerpt":{"rendered":"<p>[vc_row][vc_column][mk_divider style=\u00a0\u00bbpadding_space\u00a0\u00bb][vc_custom_heading text=\u00a0\u00bbDes Aliments de Qualit\u00e9 Depuis Plus de 20 ans\u00a0\u00bb font_container=\u00a0\u00bbtag:h2|text_align:center|color:%23000000&Prime; use_theme_fonts=\u00a0\u00bbyes\u00a0\u00bb][vc_column_text align=\u00a0\u00bbcenter\u00a0\u00bb css=\u00a0\u00bb.vc_custom_1523032947969{margin-bottom: 0px !important;}\u00a0\u00bb]Pasta Romana est une entreprise familiale fond\u00e9e en 1996 par Bernard et ses fils. Depuis nos d\u00e9buts, toutes nos sp\u00e9cialit\u00e9s sont pr\u00e9par\u00e9es \u00e0 la maison \u2013 et produites avec une qualit\u00e9 sup\u00e9rieure.[\/vc_column_text][\/vc_column][\/vc_row][vc_row fullwidth=\u00a0\u00bbtrue\u00a0\u00bb fullwidth_content=\u00a0\u00bbfalse\u00a0\u00bb el_class=\u00a0\u00bbtopicons\u00a0\u00bb][vc_column][mk_image src=\u00a0\u00bbhttps:\/\/www.pastaromana.com\/wp-content\/uploads\/2019\/09\/badges-fr-2.png\u00a0\u00bb image_size=\u00a0\u00bbfull\u00a0\u00bb align=\u00a0\u00bbcenter\u00a0\u00bb][\/vc_column][\/vc_row][vc_row fullwidth=\u00a0\u00bbtrue\u00a0\u00bb [&hellip;]<\/p>\n","protected":false},"author":2,"featured_media":0,"parent":0,"menu_order":0,"comment_status":"closed","ping_status":"open","template":"","meta":{"footnotes":""},"class_list":["post-3072","page","type-page","status-publish","hentry"],"_links":{"self":[{"href":"https:\/\/www.pastaromana.com\/fr\/wp-json\/wp\/v2\/pages\/3072\/"}],"collection":[{"href":"https:\/\/www.pastaromana.com\/fr\/wp-json\/wp\/v2\/pages\/"}],"about":[{"href":"https:\/\/www.pastaromana.com\/fr\/wp-json\/wp\/v2\/types\/page\/"}],"author":[{"embeddable":true,"href":"https:\/\/www.pastaromana.com\/fr\/wp-json\/wp\/v2\/users\/2\/"}],"replies":[{"embeddable":true,"href":"https:\/\/www.pastaromana.com\/fr\/wp-json\/wp\/v2\/comments\/?post=3072"}],"version-history":[{"count":21,"href":"https:\/\/www.pastaromana.com\/fr\/wp-json\/wp\/v2\/pages\/3072\/revisions\/"}],"predecessor-version":[{"id":3546,"href":"https:\/\/www.pastaromana.com\/fr\/wp-json\/wp\/v2\/pages\/3072\/revisions\/3546\/"}],"wp:attachment":[{"href":"https:\/\/www.pastaromana.com\/fr\/wp-json\/wp\/v2\/media\/?parent=3072"}],"curies":[{"name":"wp","href":"https:\/\/api.w.org\/{rel}","templated":true}]}}